{"id":115,"date":"2024-09-23T17:26:01","date_gmt":"2024-09-23T17:26:01","guid":{"rendered":"https:\/\/arquitania.com\/?page_id=115"},"modified":"2024-10-18T22:55:29","modified_gmt":"2024-10-18T22:55:29","slug":"talleres","status":"publish","type":"page","link":"https:\/\/arquitania.com\/?page_id=115","title":{"rendered":"MI EMPRESA www.evolutio.arquitania.com"},"content":{"rendered":"\n<p>Desde Evolutio, mi equipo y yo, Tania Silvestrini;  desarrollamos talleres y actividades grupales que trascienden la relaci\u00f3n 1 a 1.<\/p>\n\n\n\n<p>Cree Evolutio para ofrecer un servicio que en ocacines requiere de un trabajo o actividad colectiva; sean talleres para desarrollar capacidades personales; o workshops y programas que requieran de procesos mas complejos. <\/p>\n\n\n\n<figure class=\"wp-block-image size-full is-resized\"><img loading=\"lazy\" decoding=\"async\" width=\"512\" height=\"512\" src=\"https:\/\/arquitania.com\/wp-content\/uploads\/2019\/12\/cropped-cropped-EVOLUTIO-LOGO-e1613067176821.jpg\" alt=\"logo\" class=\"wp-image-111\" style=\"width:668px;height:auto\" srcset=\"https:\/\/arquitania.com\/wp-content\/uploads\/2019\/12\/cropped-cropped-EVOLUTIO-LOGO-e1613067176821.jpg 512w, https:\/\/arquitania.com\/wp-content\/uploads\/2019\/12\/cropped-cropped-EVOLUTIO-LOGO-e1613067176821-300x300.jpg 300w, https:\/\/arquitania.com\/wp-content\/uploads\/2019\/12\/cropped-cropped-EVOLUTIO-LOGO-e1613067176821-150x150.jpg 150w, https:\/\/arquitania.com\/wp-content\/uploads\/2019\/12\/cropped-cropped-EVOLUTIO-LOGO-e1613067176821-100x100.jpg 100w, https:\/\/arquitania.com\/wp-content\/uploads\/2019\/12\/cropped-cropped-EVOLUTIO-LOGO-e1613067176821-270x270.jpg 270w, https:\/\/arquitania.com\/wp-content\/uploads\/2019\/12\/cropped-cropped-EVOLUTIO-LOGO-e1613067176821-192x192.jpg 192w, https:\/\/arquitania.com\/wp-content\/uploads\/2019\/12\/cropped-cropped-EVOLUTIO-LOGO-e1613067176821-180x180.jpg 180w, https:\/\/arquitania.com\/wp-content\/uploads\/2019\/12\/cropped-cropped-EVOLUTIO-LOGO-e1613067176821-32x32.jpg 32w\" sizes=\"auto, (max-width: 512px) 100vw, 512px\" \/><\/figure>\n\n\n\n<p>Adem\u00e1s, desde Evolutio hemos creado los \u00a0<em>Espacio<\/em>s 3.0, entornos dise\u00f1ados y pensados para incentivar el potencial y mejorar el rendimiento tanto personal como profesional. \u00a0Estos espacios, los podemos generar en el espacio propio del cliente o invitando a nuestro espacio a explorar nuevas formas de trabajo en un entorno planteado para la transformaci\u00f3n. <\/p>\n\n\n\n<p>Nuestro primer Hub,\u00a0<strong>Bilbao3.0<\/strong>; nace en un barrio en transici\u00f3n, que busca dejar atr\u00e1s ser un entorno olvidado detr\u00e1s de la estaci\u00f3n; para convertirse en el barrio cosmopolita que abandere y lidere proyectos humanos colectivos de transformaci\u00f3n. Buscamos impulsar un proyecto que se pueda desarrollar en otras ciudades, y que potencie ese sue\u00f1o de<strong>\u00a0reinvenci\u00f3n  <\/strong>que muchos so\u00f1aron para Bilbao como proto-metropolis del futuro. Recientemente la revista <a href=\"https:\/\/www.eleconomista.es\/actualidad\/noticias\/12741901\/03\/24\/la-mejor-ciudad-de-espana-para-vivir-segun-national-geographic.html\" data-type=\"link\" data-id=\"https:\/\/www.eleconomista.es\/actualidad\/noticias\/12741901\/03\/24\/la-mejor-ciudad-de-espana-para-vivir-segun-national-geographic.html\">National Geographic<\/a> ha nombrado a Bilbao como la mejor ciudad de Espa\u00f1a para vivir. <\/p>\n\n\n\n<figure class=\"wp-block-image size-large\"><img loading=\"lazy\" decoding=\"async\" width=\"1024\" height=\"712\" src=\"https:\/\/arquitania.com\/wp-content\/uploads\/2024\/10\/pexels-aritz-jauregui-608073-6917309-1024x712.jpg\" alt=\"\" class=\"wp-image-322\" srcset=\"https:\/\/arquitania.com\/wp-content\/uploads\/2024\/10\/pexels-aritz-jauregui-608073-6917309-1024x712.jpg 1024w, https:\/\/arquitania.com\/wp-content\/uploads\/2024\/10\/pexels-aritz-jauregui-608073-6917309-300x209.jpg 300w, https:\/\/arquitania.com\/wp-content\/uploads\/2024\/10\/pexels-aritz-jauregui-608073-6917309-768x534.jpg 768w, https:\/\/arquitania.com\/wp-content\/uploads\/2024\/10\/pexels-aritz-jauregui-608073-6917309-1536x1068.jpg 1536w, https:\/\/arquitania.com\/wp-content\/uploads\/2024\/10\/pexels-aritz-jauregui-608073-6917309-2048x1424.jpg 2048w\" sizes=\"auto, (max-width: 767px) 89vw, (max-width: 1000px) 54vw, (max-width: 1071px) 543px, 580px\" \/><\/figure>\n\n\n\n<p>Bilbao 3.0 no busca la gentrificaci\u00f3n de este enclave arquitect\u00f3nica- e- hist\u00f3ricamente valioso de la ciudad; sino que espera incorporarlo a la vida activa de la urbe, proporcionando a sus vecinos y emprendedores una oportunidad para crecer y dar un nuevo sentido al megaproyecto de reinvenci\u00f3n de la estaci\u00f3n de Abando.<\/p>\n\n\n\n<figure class=\"wp-block-image size-large\"><img loading=\"lazy\" decoding=\"async\" width=\"1024\" height=\"683\" src=\"https:\/\/arquitania.com\/wp-content\/uploads\/2024\/09\/50-1024x683.jpg\" alt=\"\" class=\"wp-image-120\" srcset=\"https:\/\/arquitania.com\/wp-content\/uploads\/2024\/09\/50-1024x683.jpg 1024w, https:\/\/arquitania.com\/wp-content\/uploads\/2024\/09\/50-300x200.jpg 300w, https:\/\/arquitania.com\/wp-content\/uploads\/2024\/09\/50-768x512.jpg 768w, https:\/\/arquitania.com\/wp-content\/uploads\/2024\/09\/50-1536x1024.jpg 1536w, https:\/\/arquitania.com\/wp-content\/uploads\/2024\/09\/50-2048x1366.jpg 2048w\" sizes=\"auto, (max-width: 767px) 89vw, (max-width: 1000px) 54vw, (max-width: 1071px) 543px, 580px\" \/><\/figure>\n\n\n\n<p>Entre otros, habr\u00e1 talleres de autoliderazgo, conferencias, talleres para adultos, talleres infantiles, creativos y muchos m\u00e1s; donde se pueda generar un espacio que invite a visitantes y ciudadanos a acercarse a esta zona \u00fanica en la que desarrollen actividades de ocio y formaci\u00f3n que den valor a la ciudad.<\/p>\n","protected":false},"excerpt":{"rendered":"<p>Desde Evolutio, mi equipo y yo, Tania Silvestrini; desarrollamos talleres y actividades grupales que trascienden la relaci\u00f3n 1 a 1. Cree Evolutio para ofrecer un servicio que en ocacines requiere de un trabajo o actividad colectiva; sean talleres para desarrollar capacidades personales; o workshops y programas que requieran de procesos mas complejos. Adem\u00e1s, desde Evolutio &hellip; <\/p>\n<p class=\"link-more\"><a href=\"https:\/\/arquitania.com\/?page_id=115\" class=\"more-link\">Continuar leyendo<span class=\"screen-reader-text\"> \u00abMI EMPRESA www.evolutio.arquitania.com\u00bb<\/span><\/a><\/p>\n","protected":false},"author":1,"featured_media":0,"parent":0,"menu_order":0,"comment_status":"closed","ping_status":"closed","template":"","meta":{"footnotes":""},"class_list":["post-115","page","type-page","status-publish","hentry"],"_links":{"self":[{"href":"https:\/\/arquitania.com\/index.php?rest_route=\/wp\/v2\/pages\/115","targetHints":{"allow":["GET"]}}],"collection":[{"href":"https:\/\/arquitania.com\/index.php?rest_route=\/wp\/v2\/pages"}],"about":[{"href":"https:\/\/arquitania.com\/index.php?rest_route=\/wp\/v2\/types\/page"}],"author":[{"embeddable":true,"href":"https:\/\/arquitania.com\/index.php?rest_route=\/wp\/v2\/users\/1"}],"replies":[{"embeddable":true,"href":"https:\/\/arquitania.com\/index.php?rest_route=%2Fwp%2Fv2%2Fcomments&post=115"}],"version-history":[{"count":28,"href":"https:\/\/arquitania.com\/index.php?rest_route=\/wp\/v2\/pages\/115\/revisions"}],"predecessor-version":[{"id":340,"href":"https:\/\/arquitania.com\/index.php?rest_route=\/wp\/v2\/pages\/115\/revisions\/340"}],"wp:attachment":[{"href":"https:\/\/arquitania.com\/index.php?rest_route=%2Fwp%2Fv2%2Fmedia&parent=115"}],"curies":[{"name":"wp","href":"https:\/\/api.w.org\/{rel}","templated":true}]}}