{"id":170,"date":"2024-09-26T13:21:12","date_gmt":"2024-09-26T13:21:12","guid":{"rendered":"http:\/\/arquitania.com\/?page_id=170"},"modified":"2024-10-18T22:34:51","modified_gmt":"2024-10-18T22:34:51","slug":"arquitectura-emocional","status":"publish","type":"page","link":"https:\/\/arquitania.com\/","title":{"rendered":"\u00bfQu\u00e9 es la Arquitectura Emocional?"},"content":{"rendered":"\n<p>En mi carrera como ejecutiva y docente, tanto en la <em>Escuela Taller<\/em> como en el <em>Colegio de Arquitectos<\/em>, este \u00faltimo donde fui la <strong>primera mujer <\/strong>en ocupar el puesto de directora para la organizaci\u00f3n en <strong>Espa\u00f1a<\/strong>; descubr\u00ed que tanto en alta direcci\u00f3n como en la industria de la construcci\u00f3n, fue mi mente estructural &#8211; guiada por el sentido arquitect\u00f3nico que rige el funcionamiento del equipo humano &#8211; la cualidad que me permiti\u00f3 realizar todo tipo de procesos en diversas disciplinas . Entend\u00ed  me que <strong> las personas; junto a sus emociones, son el fluido principal que regular cualquier entramado<\/strong>, sea humano o material. <\/p>\n\n\n\n<p>Estos \u00faltimos 10 a\u00f1os he interpolado mis habilidades como ejecutiva en en el terreno de la arquitectura, con esa intuici\u00f3n que me hizo ser pionera en el sector de la construcci\u00f3n; al mundo del <strong>Coaching<\/strong>.<\/p>\n\n\n<div class=\"wp-block-image\">\n<figure class=\"alignleft size-large is-resized\"><img loading=\"lazy\" decoding=\"async\" width=\"819\" height=\"1024\" src=\"https:\/\/arquitania.com\/wp-content\/uploads\/2024\/10\/42020AC2-591D-4B28-8DA0-97C8ED130038-819x1024.jpeg\" alt=\"\" class=\"wp-image-328\" style=\"width:230px;height:auto\" srcset=\"https:\/\/arquitania.com\/wp-content\/uploads\/2024\/10\/42020AC2-591D-4B28-8DA0-97C8ED130038-819x1024.jpeg 819w, https:\/\/arquitania.com\/wp-content\/uploads\/2024\/10\/42020AC2-591D-4B28-8DA0-97C8ED130038-240x300.jpeg 240w, https:\/\/arquitania.com\/wp-content\/uploads\/2024\/10\/42020AC2-591D-4B28-8DA0-97C8ED130038-768x960.jpeg 768w, https:\/\/arquitania.com\/wp-content\/uploads\/2024\/10\/42020AC2-591D-4B28-8DA0-97C8ED130038-1229x1536.jpeg 1229w, https:\/\/arquitania.com\/wp-content\/uploads\/2024\/10\/42020AC2-591D-4B28-8DA0-97C8ED130038-1639x2048.jpeg 1639w, https:\/\/arquitania.com\/wp-content\/uploads\/2024\/10\/42020AC2-591D-4B28-8DA0-97C8ED130038-scaled.jpeg 2048w\" sizes=\"auto, (max-width: 767px) 89vw, (max-width: 1000px) 54vw, (max-width: 1071px) 543px, 580px\" \/><\/figure>\n<\/div>\n\n\n<p>Hace tiempo que los ingenieros dieron el salto del mundo t\u00e9cnico &#8211; hasta entonces exclusivo al mundo de la tecnolog\u00eda- hacia otras industrias; por que entendieron que aquelllo que destacaba a su profesi\u00f3n, era esa mente y forma de pensar. En arquitectura, nos hemos visto aun mas sometidos a trabajar dentro de los m\u00e1rgenes del dise\u00f1o constructivo; y encuentro que este planteamiento debe evolucionar, pues el arquitecto ante todo es alguien que tiene una <strong>capacidad incomparable para organizar y estructurar complejos procesos que incluyen grandes entramados de personas y equipos<\/strong>;  teniendo en cuenta cientos de probabilidades, alternativas, soluciones&#8230; y que maneja informaci\u00f3n &#8211; que en ultima instancia &#8211; busca <strong>crear y generar estructuras<\/strong> con una agilidad mental que pocos expertos son capaces de plantear.<\/p>\n\n\n\n<p>Desde esta nueva figura, ayudo a dise\u00f1ar, planificar y construir cualquier proyecto profesional o personal, sin importar el punto en el que uno se encuentre; procurando que de manera autosuficiente mis clientes superan aquello que les frena. Mi foco transciende largos an\u00e1lisis para comprender la conducta humana; as\u00ed como esos procesos mentales que en determinados momentos podamos sufrir; mi trabajo va destinado a ayudar a entender mejor tu casa, tu estructura; lo que yo defino como <strong>arquitectura emocional.<\/strong><\/p>\n\n\n\n<p> Mi objetivo es ayudarte a rehabilitar aquello que se ha construido, y as\u00ed dar una perspectiva diferente que plantee un veh\u00edculo de transformaci\u00f3n propio, para que en la mayor\u00eda de ocasiones, en una sola sesi\u00f3n, se despeje la mente y des paso al proceso de reparaci\u00f3n.<\/p>\n\n\n\n<p><\/p>\n","protected":false},"excerpt":{"rendered":"<p>En mi carrera como ejecutiva y docente, tanto en la Escuela Taller como en el Colegio de Arquitectos, este \u00faltimo donde fui la primera mujer en ocupar el puesto de directora para la organizaci\u00f3n en Espa\u00f1a; descubr\u00ed que tanto en alta direcci\u00f3n como en la industria de la construcci\u00f3n, fue mi mente estructural &#8211; guiada &hellip; <\/p>\n<p class=\"link-more\"><a href=\"https:\/\/arquitania.com\/\" class=\"more-link\">Continuar leyendo<span class=\"screen-reader-text\"> \u00ab\u00bfQu\u00e9 es la Arquitectura Emocional?\u00bb<\/span><\/a><\/p>\n","protected":false},"author":1,"featured_media":100,"parent":0,"menu_order":0,"comment_status":"closed","ping_status":"closed","template":"","meta":{"footnotes":""},"class_list":["post-170","page","type-page","status-publish","has-post-thumbnail","hentry"],"_links":{"self":[{"href":"https:\/\/arquitania.com\/index.php?rest_route=\/wp\/v2\/pages\/170","targetHints":{"allow":["GET"]}}],"collection":[{"href":"https:\/\/arquitania.com\/index.php?rest_route=\/wp\/v2\/pages"}],"about":[{"href":"https:\/\/arquitania.com\/index.php?rest_route=\/wp\/v2\/types\/page"}],"author":[{"embeddable":true,"href":"https:\/\/arquitania.com\/index.php?rest_route=\/wp\/v2\/users\/1"}],"replies":[{"embeddable":true,"href":"https:\/\/arquitania.com\/index.php?rest_route=%2Fwp%2Fv2%2Fcomments&post=170"}],"version-history":[{"count":25,"href":"https:\/\/arquitania.com\/index.php?rest_route=\/wp\/v2\/pages\/170\/revisions"}],"predecessor-version":[{"id":335,"href":"https:\/\/arquitania.com\/index.php?rest_route=\/wp\/v2\/pages\/170\/revisions\/335"}],"wp:featuredmedia":[{"embeddable":true,"href":"https:\/\/arquitania.com\/index.php?rest_route=\/wp\/v2\/media\/100"}],"wp:attachment":[{"href":"https:\/\/arquitania.com\/index.php?rest_route=%2Fwp%2Fv2%2Fmedia&parent=170"}],"curies":[{"name":"wp","href":"https:\/\/api.w.org\/{rel}","templated":true}]}}