{"id":199,"date":"2024-09-26T14:11:54","date_gmt":"2024-09-26T14:11:54","guid":{"rendered":"http:\/\/arquitania.com\/?page_id=199"},"modified":"2024-10-18T23:08:59","modified_gmt":"2024-10-18T23:08:59","slug":"todo-empieza-desde-el-lider","status":"publish","type":"page","link":"https:\/\/arquitania.com\/?page_id=199","title":{"rendered":"FRENAR LAS BAJAS EMPIEZA ARRIBA"},"content":{"rendered":"<div class=\"wp-block-image\">\n<figure class=\"alignleft size-large is-resized\"><img loading=\"lazy\" decoding=\"async\" width=\"683\" height=\"1024\" src=\"https:\/\/arquitania.com\/wp-content\/uploads\/2024\/10\/3c-683x1024.jpg\" alt=\"\" class=\"wp-image-313\" style=\"width:227px;height:auto\" srcset=\"https:\/\/arquitania.com\/wp-content\/uploads\/2024\/10\/3c-683x1024.jpg 683w, https:\/\/arquitania.com\/wp-content\/uploads\/2024\/10\/3c-200x300.jpg 200w, https:\/\/arquitania.com\/wp-content\/uploads\/2024\/10\/3c-768x1152.jpg 768w, https:\/\/arquitania.com\/wp-content\/uploads\/2024\/10\/3c-1024x1536.jpg 1024w, https:\/\/arquitania.com\/wp-content\/uploads\/2024\/10\/3c-1365x2048.jpg 1365w, https:\/\/arquitania.com\/wp-content\/uploads\/2024\/10\/3c-scaled.jpg 1707w\" sizes=\"auto, (max-width: 683px) 100vw, 683px\" \/><\/figure>\n<\/div>\n\n\n<p>La armon\u00eda del equipo as\u00ed como su productividad comienzan desde arriba, esto es incuestionable. En Espa\u00f1a, las bajas laborales son un s\u00edntoma de que las empresas trabajo por hacer. Muchos equipos se sienten como maquinas a quienes el empresario somete a jornadas intensivas de trabajo; y muchas empresas, no ven a sus equipos como valiosas piezas de un engranaje que deben ser potenciadas y estructuradas para que la empresa mejore en un proyecto de conjunto.<\/p>\n\n\n\n<p>Durante d\u00e9cadas, he coordinado entramados profesionales en los que interactuaban directivos, pol\u00edticos y otros puestos de alto mando que en ocasiones,  carec\u00edan de la visi\u00f3n necesaria  para motivar a los sus equipos. Por mucho que intentasen perfeccionar la calidad de los proyectos o de crear un gran producto; eran sus equipos y la eficiencia del grupo el factor determinante del \u00e9xito y prosperidad de su empresa. Muchos lideres se ven incapacitados en ciertas \u00e1reas o sometidos a situaciones de alto estr\u00e9s; que les genera (y por ende a toda la estructura humana) un handicap imprescindible para el trabajo org\u00e1nico.<\/p>\n\n\n\n<p>Mi misi\u00f3n es hacerte replantear la funcionalidad del entramado; para rehabilitar esos m\u00e9todos jer\u00e1rquicos que ayuden a despertar un desapercibido potencial del equipo y busquen mejorar la productividad. Mediante mi visi\u00f3n esquem\u00e1tica, ayudo a mis clientes a generar un techo solido para su equipo que  proteja no solo sus intereses propios sino los de sus  trabajadores.<\/p>\n\n\n\n<figure class=\"wp-block-image size-full\"><img loading=\"lazy\" decoding=\"async\" width=\"730\" height=\"495\" src=\"https:\/\/arquitania.com\/wp-content\/uploads\/2024\/09\/2022-11-1012.20.29.jpg\" alt=\"\" class=\"wp-image-119\" srcset=\"https:\/\/arquitania.com\/wp-content\/uploads\/2024\/09\/2022-11-1012.20.29.jpg 730w, https:\/\/arquitania.com\/wp-content\/uploads\/2024\/09\/2022-11-1012.20.29-300x203.jpg 300w\" sizes=\"auto, (max-width: 730px) 100vw, 730px\" \/><\/figure>\n\n\n\n<p>Observaremos patrones de conducta, incidencias en la gesti\u00f3n o bloqueos en la toma de decisiones que liberen el potencial del equipo y faciliten el d\u00eda a d\u00eda a sus lideres.<\/p>\n\n\n\n<p>Algo que puede sorprender a los empleados, es el inter\u00e9s real que tienen los directivos por potenciar y elevar las cualidades.  Te ayudar\u00e9 a transmitir este mensaje y a generar un proyecto solido que eleve el potencial de tu empresa, primero, desde el trabajo 1:1; y despu\u00e9s con talleres y planes de acci\u00f3n que puedas implantar en todos los niveles de la empresa. <\/p>\n\n\n\n<p><\/p>\n\n\n\n<p><\/p>\n","protected":false},"excerpt":{"rendered":"<p>La armon\u00eda del equipo as\u00ed como su productividad comienzan desde arriba, esto es incuestionable. En Espa\u00f1a, las bajas laborales son un s\u00edntoma de que las empresas trabajo por hacer. Muchos equipos se sienten como maquinas a quienes el empresario somete a jornadas intensivas de trabajo; y muchas empresas, no ven a sus equipos como valiosas &hellip; <\/p>\n<p class=\"link-more\"><a href=\"https:\/\/arquitania.com\/?page_id=199\" class=\"more-link\">Continuar leyendo<span class=\"screen-reader-text\"> \u00abFRENAR LAS BAJAS EMPIEZA ARRIBA\u00bb<\/span><\/a><\/p>\n","protected":false},"author":1,"featured_media":0,"parent":0,"menu_order":0,"comment_status":"closed","ping_status":"closed","template":"","meta":{"footnotes":""},"class_list":["post-199","page","type-page","status-publish","hentry"],"_links":{"self":[{"href":"https:\/\/arquitania.com\/index.php?rest_route=\/wp\/v2\/pages\/199","targetHints":{"allow":["GET"]}}],"collection":[{"href":"https:\/\/arquitania.com\/index.php?rest_route=\/wp\/v2\/pages"}],"about":[{"href":"https:\/\/arquitania.com\/index.php?rest_route=\/wp\/v2\/types\/page"}],"author":[{"embeddable":true,"href":"https:\/\/arquitania.com\/index.php?rest_route=\/wp\/v2\/users\/1"}],"replies":[{"embeddable":true,"href":"https:\/\/arquitania.com\/index.php?rest_route=%2Fwp%2Fv2%2Fcomments&post=199"}],"version-history":[{"count":15,"href":"https:\/\/arquitania.com\/index.php?rest_route=\/wp\/v2\/pages\/199\/revisions"}],"predecessor-version":[{"id":344,"href":"https:\/\/arquitania.com\/index.php?rest_route=\/wp\/v2\/pages\/199\/revisions\/344"}],"wp:attachment":[{"href":"https:\/\/arquitania.com\/index.php?rest_route=%2Fwp%2Fv2%2Fmedia&parent=199"}],"curies":[{"name":"wp","href":"https:\/\/api.w.org\/{rel}","templated":true}]}}