{"id":57,"date":"2018-11-13T17:20:07","date_gmt":"2018-11-13T17:20:07","guid":{"rendered":"http:\/\/arquitania.com\/?page_id=57"},"modified":"2024-10-18T22:45:15","modified_gmt":"2024-10-18T22:45:15","slug":"consulta-en-bioneuroemocion-online-y-presencial","status":"publish","type":"page","link":"https:\/\/arquitania.com\/?page_id=57","title":{"rendered":"30 a\u00f1os gestionando grandes equipos"},"content":{"rendered":"\n<p>En mis comienzos en la <strong>Escuela Taller<\/strong>, aprend\u00ed a sacar el diamante en bruto de personas &#8211; que en su mayor\u00eda-  ven\u00edan completamente inhabilitadas; no solo sin herramientas, pero sin confianza o seguridad en si mismos\/as. Aprend\u00ed a impulsar esa fuerza que les generase expectativas inimaginable hasta ese punto en su vida. <\/p>\n\n\n<div class=\"wp-block-image\">\n<figure class=\"alignleft size-large is-resized\"><img loading=\"lazy\" decoding=\"async\" width=\"683\" height=\"1024\" src=\"https:\/\/arquitania.com\/wp-content\/uploads\/2024\/10\/2-683x1024.jpg\" alt=\"\" class=\"wp-image-308\" style=\"width:197px;height:auto\" srcset=\"https:\/\/arquitania.com\/wp-content\/uploads\/2024\/10\/2-683x1024.jpg 683w, https:\/\/arquitania.com\/wp-content\/uploads\/2024\/10\/2-200x300.jpg 200w, https:\/\/arquitania.com\/wp-content\/uploads\/2024\/10\/2-768x1152.jpg 768w, https:\/\/arquitania.com\/wp-content\/uploads\/2024\/10\/2-1024x1536.jpg 1024w, https:\/\/arquitania.com\/wp-content\/uploads\/2024\/10\/2-1365x2048.jpg 1365w, https:\/\/arquitania.com\/wp-content\/uploads\/2024\/10\/2-scaled.jpg 1707w\" sizes=\"auto, (max-width: 683px) 100vw, 683px\" \/><\/figure>\n<\/div>\n\n\n<p>Despu\u00e9s, en el <strong>Colegio de Arquitectos<\/strong>, me enfrente a otro tipo de perfiles; perfiles con cierto poder y en ocasiones con grandes egos que requer\u00edan de una visi\u00f3n y trato espec\u00edfico; para con asertividad y motivaci\u00f3n llevarles a mejorar sus relaciones y promover la productividad de la organizaci\u00f3n.<\/p>\n\n\n\n<p> Consegu\u00ed hacerme camino en un mundo de hombres con perseverancia y pasi\u00f3n por cambiar la industria, en parte por que nunca me sent\u00ed una mujer arquitecto, simplemente: arquitecto.<\/p>\n\n\n\n<p><\/p>\n\n\n\n<p>Estos \u00faltimos<strong> 10 a\u00f1os como Coach\/Mentora<\/strong> he guiado a cientos de personas en todo el mundo; y desarrollado una capacidad para entender esas trabas personales y profesionales que requieren de una mirada externa con perspectiva y capacidad de generar estructura.<\/p>\n\n\n\n<p>Mi misi\u00f3n es transformar todo tipo de procesos mediante un m\u00e9todo que he patentado como <strong>\u00aeArquitectura Emocional<\/strong>, en el que trabajo desde la estructura interna como gestionar las necesidades de mis clientes con esa misma pasi\u00f3n y visi\u00f3n que tuve en Arquitectura.&nbsp;<\/p>\n\n\n<div class=\"wp-block-image\">\n<figure class=\"alignleft size-full\"><img loading=\"lazy\" decoding=\"async\" width=\"373\" height=\"248\" src=\"https:\/\/arquitania.com\/wp-content\/uploads\/2024\/09\/2022-11-1922.06.21.jpg\" alt=\"\" class=\"wp-image-118\" srcset=\"https:\/\/arquitania.com\/wp-content\/uploads\/2024\/09\/2022-11-1922.06.21.jpg 373w, https:\/\/arquitania.com\/wp-content\/uploads\/2024\/09\/2022-11-1922.06.21-300x199.jpg 300w\" sizes=\"auto, (max-width: 373px) 100vw, 373px\" \/><\/figure>\n<\/div>","protected":false},"excerpt":{"rendered":"<p>En mis comienzos en la Escuela Taller, aprend\u00ed a sacar el diamante en bruto de personas &#8211; que en su mayor\u00eda- ven\u00edan completamente inhabilitadas; no solo sin herramientas, pero sin confianza o seguridad en si mismos\/as. Aprend\u00ed a impulsar esa fuerza que les generase expectativas inimaginable hasta ese punto en su vida. Despu\u00e9s, en el &hellip; <\/p>\n<p class=\"link-more\"><a href=\"https:\/\/arquitania.com\/?page_id=57\" class=\"more-link\">Continuar leyendo<span class=\"screen-reader-text\"> \u00ab30 a\u00f1os gestionando grandes equipos\u00bb<\/span><\/a><\/p>\n","protected":false},"author":1,"featured_media":0,"parent":0,"menu_order":0,"comment_status":"closed","ping_status":"closed","template":"","meta":{"footnotes":""},"class_list":["post-57","page","type-page","status-publish","hentry"],"_links":{"self":[{"href":"https:\/\/arquitania.com\/index.php?rest_route=\/wp\/v2\/pages\/57","targetHints":{"allow":["GET"]}}],"collection":[{"href":"https:\/\/arquitania.com\/index.php?rest_route=\/wp\/v2\/pages"}],"about":[{"href":"https:\/\/arquitania.com\/index.php?rest_route=\/wp\/v2\/types\/page"}],"author":[{"embeddable":true,"href":"https:\/\/arquitania.com\/index.php?rest_route=\/wp\/v2\/users\/1"}],"replies":[{"embeddable":true,"href":"https:\/\/arquitania.com\/index.php?rest_route=%2Fwp%2Fv2%2Fcomments&post=57"}],"version-history":[{"count":18,"href":"https:\/\/arquitania.com\/index.php?rest_route=\/wp\/v2\/pages\/57\/revisions"}],"predecessor-version":[{"id":337,"href":"https:\/\/arquitania.com\/index.php?rest_route=\/wp\/v2\/pages\/57\/revisions\/337"}],"wp:attachment":[{"href":"https:\/\/arquitania.com\/index.php?rest_route=%2Fwp%2Fv2%2Fmedia&parent=57"}],"curies":[{"name":"wp","href":"https:\/\/api.w.org\/{rel}","templated":true}]}}